{"id":15,"date":"2026-01-27T11:31:06","date_gmt":"2026-01-27T11:31:06","guid":{"rendered":"https:\/\/5ci-pcs.ubi.pt\/?page_id=15"},"modified":"2026-02-13T10:41:48","modified_gmt":"2026-02-13T10:41:48","slug":"contatos","status":"publish","type":"page","link":"https:\/\/5ci-pcs.ubi.pt\/index.php\/contatos\/","title":{"rendered":"CONTATOS"},"content":{"rendered":"\t\t<div data-elementor-type=\"wp-page\" data-elementor-id=\"15\" class=\"elementor elementor-15\">\n\t\t\t\t<div class=\"elementor-element elementor-element-f5d6168 e-flex e-con-boxed e-con e-parent\" data-id=\"f5d6168\" data-element_type=\"container\">\n\t\t\t\t\t<div class=\"e-con-inner\">\n\t\t\t\t<div class=\"elementor-element elementor-element-0090c5c elementor-widget elementor-widget-text-editor\" data-id=\"0090c5c\" data-element_type=\"widget\" data-widget_type=\"text-editor.default\">\n\t\t\t\t\t\t\t\t\t<h4><strong>Departamento de Psicologia e Educa\u00e7\u00e3o da Universidade da Beira Interior<\/strong><\/h4><h4><strong>Department of Psychology and Education, University of Beira Interior<\/strong><\/h4>\t\t\t\t\t\t\t\t<\/div>\n\t\t\t\t\t<\/div>\n\t\t\t\t<\/div>\n\t\t<div class=\"elementor-element elementor-element-12827f6 e-flex e-con-boxed e-con e-parent\" data-id=\"12827f6\" data-element_type=\"container\">\n\t\t\t\t\t<div class=\"e-con-inner\">\n\t\t\t\t<div class=\"elementor-element elementor-element-6f3abd6 elementor-widget elementor-widget-text-editor\" data-id=\"6f3abd6\" data-element_type=\"widget\" data-widget_type=\"text-editor.default\">\n\t\t\t\t\t\t\t\t\t<h4>Faculdade de Ci\u00eancias Sociais e Humanas \u2013 UBI<\/h4><h4>Estrada do Sineiro, s\/n \u2013 Covilh\u00e3<\/h4><h4>Coordenadas:<\/h4><h4>40\u00b017\u201919.4\u2033\u00a0 7\u00b030\u201954.1\u2033<\/h4><p>\u00a0<\/p><h4><span style=\"text-decoration: underline;\">Para mais informa\u00e7\u00f5es:<\/span><\/h4><h4><strong>Email:<\/strong> <strong><a href=\"mailto:conferenciaspcs.ubi@gmail.com\">conferenciaspcs.ubi@gmail.com<\/a><\/strong><\/h4>\t\t\t\t\t\t\t\t<\/div>\n\t\t\t\t\t<\/div>\n\t\t\t\t<\/div>\n\t\t\t\t<\/div>\n\t\t","protected":false},"excerpt":{"rendered":"<p>Departamento de Psicologia e Educa\u00e7\u00e3o da Universidade da Beira Interior Department of Psychology and Education, University of Beira Interior Faculdade de Ci\u00eancias Sociais e Humanas \u2013 UBI Estrada do Sineiro, s\/n \u2013 Covilh\u00e3 Coordenadas: 40\u00b017\u201919.4\u2033\u00a0 7\u00b030\u201954.1\u2033 \u00a0 Para mais informa\u00e7\u00f5es: Email: conferenciaspcs.ubi@gmail.com<\/p>\n","protected":false},"author":1,"featured_media":0,"parent":0,"menu_order":0,"comment_status":"closed","ping_status":"closed","template":"","meta":{"footnotes":""},"class_list":["post-15","page","type-page","status-publish","hentry"],"_links":{"self":[{"href":"https:\/\/5ci-pcs.ubi.pt\/index.php\/wp-json\/wp\/v2\/pages\/15","targetHints":{"allow":["GET"]}}],"collection":[{"href":"https:\/\/5ci-pcs.ubi.pt\/index.php\/wp-json\/wp\/v2\/pages"}],"about":[{"href":"https:\/\/5ci-pcs.ubi.pt\/index.php\/wp-json\/wp\/v2\/types\/page"}],"author":[{"embeddable":true,"href":"https:\/\/5ci-pcs.ubi.pt\/index.php\/wp-json\/wp\/v2\/users\/1"}],"replies":[{"embeddable":true,"href":"https:\/\/5ci-pcs.ubi.pt\/index.php\/wp-json\/wp\/v2\/comments?post=15"}],"version-history":[{"count":7,"href":"https:\/\/5ci-pcs.ubi.pt\/index.php\/wp-json\/wp\/v2\/pages\/15\/revisions"}],"predecessor-version":[{"id":198,"href":"https:\/\/5ci-pcs.ubi.pt\/index.php\/wp-json\/wp\/v2\/pages\/15\/revisions\/198"}],"wp:attachment":[{"href":"https:\/\/5ci-pcs.ubi.pt\/index.php\/wp-json\/wp\/v2\/media?parent=15"}],"curies":[{"name":"wp","href":"https:\/\/api.w.org\/{rel}","templated":true}]}}