{"id":19,"date":"2026-01-27T11:32:19","date_gmt":"2026-01-27T11:32:19","guid":{"rendered":"https:\/\/5ci-pcs.ubi.pt\/?page_id=19"},"modified":"2026-02-13T10:11:17","modified_gmt":"2026-02-13T10:11:17","slug":"inscricao-registo","status":"publish","type":"page","link":"https:\/\/5ci-pcs.ubi.pt\/index.php\/inscricao-registo\/","title":{"rendered":"INSCRI\u00c7\u00c3O\/REGISTO"},"content":{"rendered":"\t\t<div data-elementor-type=\"wp-page\" data-elementor-id=\"19\" class=\"elementor elementor-19\">\n\t\t\t\t<div class=\"elementor-element elementor-element-7b3e221 e-flex e-con-boxed e-con e-parent\" data-id=\"7b3e221\" data-element_type=\"container\">\n\t\t\t\t\t<div class=\"e-con-inner\">\n\t\t<div class=\"elementor-element elementor-element-5289f84 e-con-full e-flex e-con e-child\" data-id=\"5289f84\" data-element_type=\"container\">\n\t\t\t\t<\/div>\n\t\t<div class=\"elementor-element elementor-element-9889f37 e-con-full e-flex e-con e-child\" data-id=\"9889f37\" data-element_type=\"container\">\n\t\t\t\t<\/div>\n\t\t\t\t\t<\/div>\n\t\t\t\t<\/div>\n\t\t<div class=\"elementor-element elementor-element-9a90bfb e-flex e-con-boxed e-con e-parent\" data-id=\"9a90bfb\" data-element_type=\"container\">\n\t\t\t\t\t<div class=\"e-con-inner\">\n\t\t\t\t<div class=\"elementor-element elementor-element-7493f96 elementor-widget elementor-widget-heading\" data-id=\"7493f96\" data-element_type=\"widget\" data-widget_type=\"heading.default\">\n\t\t\t\t\t<h2 class=\"elementor-heading-title elementor-size-default\">INSCRI\u00c7\u00c3O \/ REGISTO<\/h2>\t\t\t\t<\/div>\n\t\t\t\t\t<\/div>\n\t\t\t\t<\/div>\n\t\t<div class=\"elementor-element elementor-element-269fadc e-flex e-con-boxed e-con e-parent\" data-id=\"269fadc\" data-element_type=\"container\">\n\t\t\t\t\t<div class=\"e-con-inner\">\n\t\t\t\t<div class=\"elementor-element elementor-element-3043521 elementor-widget elementor-widget-text-editor\" data-id=\"3043521\" data-element_type=\"widget\" data-widget_type=\"text-editor.default\">\n\t\t\t\t\t\t\t\t\t<h5><strong>A inscri\u00e7\u00e3o inclui<\/strong><\/h5><ul><li><h5>Pasta com programa e livro de resumos<\/h5><\/li><li><h5>Admiss\u00e3o \u00e0s sess\u00f5es das confer\u00eancias e\u00a0<em>coffee-breaks<\/em><\/h5><\/li><\/ul><p>\u00a0<\/p><p>\u00a0<\/p><h5><strong>Pre\u00e7os de inscri\u00e7\u00e3o:<\/strong><\/h5><table width=\"456\"><tbody><tr><td width=\"198\"><h4><strong>\u00a0<\/strong><\/h4><\/td><td width=\"119\"><h4><strong>At\u00e9 3 de maio<\/strong><\/h4><\/td><td width=\"139\"><h4><strong>4 de maio at\u00e9 18 de maio<\/strong><\/h4><\/td><\/tr><tr><td width=\"198\"><h4><strong>Estudantes da UBI<\/strong><\/h4><\/td><td width=\"119\"><h4><strong>0\u20ac<\/strong><\/h4><\/td><td width=\"139\"><h4><strong>10\u20ac<\/strong><\/h4><\/td><\/tr><tr><td width=\"198\"><h4><strong>Estudantes Externos \u00e0 UBI<\/strong><\/h4><\/td><td width=\"119\"><h4><strong>30\u20ac<\/strong><\/h4><\/td><td width=\"139\"><h4><strong>40\u20ac<\/strong><\/h4><\/td><\/tr><tr><td width=\"198\"><h4><strong>Profissionais<\/strong><\/h4><\/td><td width=\"119\"><h4><strong>40\u20ac<\/strong><\/h4><\/td><td width=\"139\"><h4><strong>50\u20ac<\/strong><\/h4><\/td><\/tr><\/tbody><\/table>\t\t\t\t\t\t\t\t<\/div>\n\t\t\t\t\t<\/div>\n\t\t\t\t<\/div>\n\t\t<div class=\"elementor-element elementor-element-7069732 e-flex e-con-boxed e-con e-parent\" data-id=\"7069732\" data-element_type=\"container\">\n\t\t\t\t\t<div class=\"e-con-inner\">\n\t\t\t\t<div class=\"elementor-element elementor-element-9f05a3e elementor-widget elementor-widget-text-editor\" data-id=\"9f05a3e\" data-element_type=\"widget\" data-widget_type=\"text-editor.default\">\n\t\t\t\t\t\t\t\t\t<ul><li><h4>Todos(as) participantes com submiss\u00e3o aprovada dever\u00e3o ter a inscri\u00e7\u00e3o e pagamento efetuados at\u00e9 <strong>18 de maio de 2026;<\/strong><\/h4><\/li><li><h4>Em caso de n\u00e3o participa\u00e7\u00e3o nas Confer\u00eancias, o valor da inscri\u00e7\u00e3o n\u00e3o ser\u00e1 devolvido;<\/h4><\/li><li><h4>A plataforma de inscri\u00e7\u00e3o emite, ap\u00f3s o pagamento do respetivo valor, a fatura com os dados inseridos pelo\/a participante. Verifique atentamente os seus dados, em especial o NIF a constar. N\u00e3o ser\u00e3o emitidas novas faturas devido ao preenchimento incorreto dos dados<\/h4><\/li><\/ul>\t\t\t\t\t\t\t\t<\/div>\n\t\t\t\t\t<\/div>\n\t\t\t\t<\/div>\n\t\t<div class=\"elementor-element elementor-element-ccf3d38 e-flex e-con-boxed e-con e-parent\" data-id=\"ccf3d38\" data-element_type=\"container\">\n\t\t\t\t\t<div class=\"e-con-inner\">\n\t\t\t\t<div class=\"elementor-element elementor-element-20c1e71 elementor-widget elementor-widget-button\" data-id=\"20c1e71\" data-element_type=\"widget\" data-widget_type=\"button.default\">\n\t\t\t\t\t\t\t\t\t\t<a class=\"elementor-button elementor-button-link elementor-size-sm\" href=\"https:\/\/ubi.up.events\/activities\/view\/5as-Conferencias-Internacionais-em-Psicologia-Clinica-e-da-Saude\" target=\"_blank\">\n\t\t\t\t\t\t<span class=\"elementor-button-content-wrapper\">\n\t\t\t\t\t\t\t\t\t<span class=\"elementor-button-text\">Inscri\u00e7\u00f5es aqui<\/span>\n\t\t\t\t\t<\/span>\n\t\t\t\t\t<\/a>\n\t\t\t\t\t\t\t\t<\/div>\n\t\t\t\t\t<\/div>\n\t\t\t\t<\/div>\n\t\t\t\t<\/div>\n\t\t","protected":false},"excerpt":{"rendered":"<p>INSCRI\u00c7\u00c3O \/ REGISTO A inscri\u00e7\u00e3o inclui Pasta com programa e livro de resumos Admiss\u00e3o \u00e0s sess\u00f5es das confer\u00eancias e\u00a0coffee-breaks \u00a0 \u00a0 Pre\u00e7os de inscri\u00e7\u00e3o: \u00a0 At\u00e9 3 de maio 4 de maio at\u00e9 18 de maio Estudantes da UBI 0\u20ac 10\u20ac Estudantes Externos \u00e0 UBI 30\u20ac 40\u20ac Profissionais 40\u20ac 50\u20ac Todos(as) participantes com submiss\u00e3o aprovada&#8230;<\/p>\n<p class=\"more-link\"><a href=\"https:\/\/5ci-pcs.ubi.pt\/index.php\/inscricao-registo\/\"><span>Read More<\/span><i>&#43;<\/i><\/a><\/p>\n","protected":false},"author":1,"featured_media":0,"parent":0,"menu_order":0,"comment_status":"closed","ping_status":"closed","template":"","meta":{"footnotes":""},"class_list":["post-19","page","type-page","status-publish","hentry"],"_links":{"self":[{"href":"https:\/\/5ci-pcs.ubi.pt\/index.php\/wp-json\/wp\/v2\/pages\/19","targetHints":{"allow":["GET"]}}],"collection":[{"href":"https:\/\/5ci-pcs.ubi.pt\/index.php\/wp-json\/wp\/v2\/pages"}],"about":[{"href":"https:\/\/5ci-pcs.ubi.pt\/index.php\/wp-json\/wp\/v2\/types\/page"}],"author":[{"embeddable":true,"href":"https:\/\/5ci-pcs.ubi.pt\/index.php\/wp-json\/wp\/v2\/users\/1"}],"replies":[{"embeddable":true,"href":"https:\/\/5ci-pcs.ubi.pt\/index.php\/wp-json\/wp\/v2\/comments?post=19"}],"version-history":[{"count":19,"href":"https:\/\/5ci-pcs.ubi.pt\/index.php\/wp-json\/wp\/v2\/pages\/19\/revisions"}],"predecessor-version":[{"id":183,"href":"https:\/\/5ci-pcs.ubi.pt\/index.php\/wp-json\/wp\/v2\/pages\/19\/revisions\/183"}],"wp:attachment":[{"href":"https:\/\/5ci-pcs.ubi.pt\/index.php\/wp-json\/wp\/v2\/media?parent=19"}],"curies":[{"name":"wp","href":"https:\/\/api.w.org\/{rel}","templated":true}]}}