{"id":23,"date":"2026-01-27T11:33:23","date_gmt":"2026-01-27T11:33:23","guid":{"rendered":"https:\/\/5ci-pcs.ubi.pt\/?page_id=23"},"modified":"2026-02-13T12:27:45","modified_gmt":"2026-02-13T12:27:45","slug":"local-do-evento-alojamento","status":"publish","type":"page","link":"https:\/\/5ci-pcs.ubi.pt\/index.php\/local-do-evento-alojamento\/","title":{"rendered":"LOCAL DO EVENTO"},"content":{"rendered":"\t\t<div data-elementor-type=\"wp-page\" data-elementor-id=\"23\" class=\"elementor elementor-23\">\n\t\t\t\t<div class=\"elementor-element elementor-element-2f6552d e-flex e-con-boxed e-con e-parent\" data-id=\"2f6552d\" data-element_type=\"container\">\n\t\t\t\t\t<div class=\"e-con-inner\">\n\t\t\t\t<div class=\"elementor-element elementor-element-5907625 elementor-widget elementor-widget-google_maps\" data-id=\"5907625\" data-element_type=\"widget\" data-widget_type=\"google_maps.default\">\n\t\t\t\t\t\t\t<div class=\"elementor-custom-embed\">\n\t\t\t<iframe loading=\"lazy\"\n\t\t\t\t\tsrc=\"https:\/\/maps.google.com\/maps?q=Faculdade%20Ci%C3%AAncias%20Sociais%20e%20Humanas-UBI&#038;t=m&#038;z=16&#038;output=embed&#038;iwloc=near\"\n\t\t\t\t\ttitle=\"Faculdade Ci\u00eancias Sociais e Humanas-UBI\"\n\t\t\t\t\taria-label=\"Faculdade Ci\u00eancias Sociais e Humanas-UBI\"\n\t\t\t><\/iframe>\n\t\t<\/div>\n\t\t\t\t\t\t<\/div>\n\t\t\t\t\t<\/div>\n\t\t\t\t<\/div>\n\t\t<div class=\"elementor-element elementor-element-1dc9879 e-flex e-con-boxed e-con e-parent\" data-id=\"1dc9879\" data-element_type=\"container\">\n\t\t\t\t\t<div class=\"e-con-inner\">\n\t\t\t\t<div class=\"elementor-element elementor-element-8d1b091 elementor-widget elementor-widget-spacer\" data-id=\"8d1b091\" data-element_type=\"widget\" data-widget_type=\"spacer.default\">\n\t\t\t\t\t\t\t<div class=\"elementor-spacer\">\n\t\t\t<div class=\"elementor-spacer-inner\"><\/div>\n\t\t<\/div>\n\t\t\t\t\t\t<\/div>\n\t\t\t\t\t<\/div>\n\t\t\t\t<\/div>\n\t\t<div class=\"elementor-element elementor-element-a94cfbd e-flex e-con-boxed e-con e-parent\" data-id=\"a94cfbd\" data-element_type=\"container\">\n\t\t\t\t\t<div class=\"e-con-inner\">\n\t\t\t\t<div class=\"elementor-element elementor-element-1dbb715 elementor-position-left elementor-vertical-align-top elementor-widget elementor-widget-image-box\" data-id=\"1dbb715\" data-element_type=\"widget\" data-widget_type=\"image-box.default\">\n\t\t\t\t\t<div class=\"elementor-image-box-wrapper\"><figure class=\"elementor-image-box-img\"><a href=\"https:\/\/www.hotelpurala.pt\/\" target=\"_blank\" tabindex=\"-1\"><img fetchpriority=\"high\" decoding=\"async\" width=\"689\" height=\"460\" src=\"https:\/\/5ci-pcs.ubi.pt\/wp-content\/uploads\/2026\/02\/hp.jpg\" class=\"attachment-full size-full wp-image-200\" alt=\"\" srcset=\"https:\/\/5ci-pcs.ubi.pt\/wp-content\/uploads\/2026\/02\/hp.jpg 689w, https:\/\/5ci-pcs.ubi.pt\/wp-content\/uploads\/2026\/02\/hp-300x200.jpg 300w, https:\/\/5ci-pcs.ubi.pt\/wp-content\/uploads\/2026\/02\/hp-380x254.jpg 380w\" sizes=\"(max-width: 689px) 100vw, 689px\" \/><\/a><\/figure><div class=\"elementor-image-box-content\"><h2 class=\"elementor-image-box-title\"><a href=\"https:\/\/www.hotelpurala.pt\/\" target=\"_blank\">Hotel Pural\u00e3 - Wool Valley &amp; SPA****<\/a><\/h2><p class=\"elementor-image-box-description\">Hotel Pural\u00e3 Covilh\u00e3<\/p><\/div><\/div>\t\t\t\t<\/div>\n\t\t\t\t\t<\/div>\n\t\t\t\t<\/div>\n\t\t<div class=\"elementor-element elementor-element-e173917 e-flex e-con-boxed e-con e-parent\" data-id=\"e173917\" data-element_type=\"container\">\n\t\t\t\t\t<div class=\"e-con-inner\">\n\t\t\t\t<div class=\"elementor-element elementor-element-c50240f elementor-widget elementor-widget-spacer\" data-id=\"c50240f\" data-element_type=\"widget\" data-widget_type=\"spacer.default\">\n\t\t\t\t\t\t\t<div class=\"elementor-spacer\">\n\t\t\t<div class=\"elementor-spacer-inner\"><\/div>\n\t\t<\/div>\n\t\t\t\t\t\t<\/div>\n\t\t\t\t\t<\/div>\n\t\t\t\t<\/div>\n\t\t<div class=\"elementor-element elementor-element-ee04dfd e-flex e-con-boxed e-con e-parent\" data-id=\"ee04dfd\" data-element_type=\"container\">\n\t\t\t\t\t<div class=\"e-con-inner\">\n\t\t\t\t<div class=\"elementor-element elementor-element-fdc0d5d elementor-position-left elementor-vertical-align-top elementor-widget elementor-widget-image-box\" data-id=\"fdc0d5d\" data-element_type=\"widget\" data-widget_type=\"image-box.default\">\n\t\t\t\t\t<div class=\"elementor-image-box-wrapper\"><figure class=\"elementor-image-box-img\"><a href=\"https:\/\/www.sporthotel.pt\/\" target=\"_blank\" tabindex=\"-1\"><img decoding=\"async\" width=\"689\" height=\"460\" src=\"https:\/\/5ci-pcs.ubi.pt\/wp-content\/uploads\/2026\/02\/sh.jpg\" class=\"attachment-full size-full wp-image-211\" alt=\"\" srcset=\"https:\/\/5ci-pcs.ubi.pt\/wp-content\/uploads\/2026\/02\/sh.jpg 689w, https:\/\/5ci-pcs.ubi.pt\/wp-content\/uploads\/2026\/02\/sh-300x200.jpg 300w, https:\/\/5ci-pcs.ubi.pt\/wp-content\/uploads\/2026\/02\/sh-380x254.jpg 380w\" sizes=\"(max-width: 689px) 100vw, 689px\" \/><\/a><\/figure><div class=\"elementor-image-box-content\"><h2 class=\"elementor-image-box-title\"><a href=\"https:\/\/www.sporthotel.pt\/\" target=\"_blank\">Sport Hotel - Sport Hotel Gym + SPA***<\/a><\/h2><p class=\"elementor-image-box-description\">Sport Hotel Covilh\u00e3<\/p><\/div><\/div>\t\t\t\t<\/div>\n\t\t\t\t\t<\/div>\n\t\t\t\t<\/div>\n\t\t<div class=\"elementor-element elementor-element-33631ca e-flex e-con-boxed e-con e-parent\" data-id=\"33631ca\" data-element_type=\"container\">\n\t\t\t\t\t<div class=\"e-con-inner\">\n\t\t\t\t<div class=\"elementor-element elementor-element-7993be4 elementor-widget elementor-widget-spacer\" data-id=\"7993be4\" data-element_type=\"widget\" data-widget_type=\"spacer.default\">\n\t\t\t\t\t\t\t<div class=\"elementor-spacer\">\n\t\t\t<div class=\"elementor-spacer-inner\"><\/div>\n\t\t<\/div>\n\t\t\t\t\t\t<\/div>\n\t\t\t\t\t<\/div>\n\t\t\t\t<\/div>\n\t\t<div class=\"elementor-element elementor-element-0b887c2 e-flex e-con-boxed e-con e-parent\" data-id=\"0b887c2\" data-element_type=\"container\">\n\t\t\t\t\t<div class=\"e-con-inner\">\n\t\t\t\t<div class=\"elementor-element elementor-element-d68a9ff elementor-position-left elementor-vertical-align-top elementor-widget elementor-widget-image-box\" data-id=\"d68a9ff\" data-element_type=\"widget\" data-widget_type=\"image-box.default\">\n\t\t\t\t\t<div class=\"elementor-image-box-wrapper\"><figure class=\"elementor-image-box-img\"><a href=\"https:\/\/www.melia.com\/pt\/hoteis\/portugal\/covilha\/hotel-covilha-dona-maria-by-melia\" target=\"_blank\" tabindex=\"-1\"><img decoding=\"async\" width=\"689\" height=\"460\" src=\"https:\/\/5ci-pcs.ubi.pt\/wp-content\/uploads\/2026\/02\/melia-1.jpg\" class=\"attachment-full size-full wp-image-218\" alt=\"\" srcset=\"https:\/\/5ci-pcs.ubi.pt\/wp-content\/uploads\/2026\/02\/melia-1.jpg 689w, https:\/\/5ci-pcs.ubi.pt\/wp-content\/uploads\/2026\/02\/melia-1-300x200.jpg 300w, https:\/\/5ci-pcs.ubi.pt\/wp-content\/uploads\/2026\/02\/melia-1-380x254.jpg 380w\" sizes=\"(max-width: 689px) 100vw, 689px\" \/><\/a><\/figure><div class=\"elementor-image-box-content\"><h2 class=\"elementor-image-box-title\"><a href=\"https:\/\/www.melia.com\/pt\/hoteis\/portugal\/covilha\/hotel-covilha-dona-maria-by-melia\" target=\"_blank\">Meli\u00e3 Hotel Covih\u00e3 Dona Maria****<\/a><\/h2><p class=\"elementor-image-box-description\">Hotel Covih\u00e3 Dona Maria<\/p><\/div><\/div>\t\t\t\t<\/div>\n\t\t\t\t\t<\/div>\n\t\t\t\t<\/div>\n\t\t<div class=\"elementor-element elementor-element-b344882 e-flex e-con-boxed e-con e-parent\" data-id=\"b344882\" data-element_type=\"container\">\n\t\t\t\t\t<div class=\"e-con-inner\">\n\t\t\t\t<div class=\"elementor-element elementor-element-3b83776 elementor-widget elementor-widget-spacer\" data-id=\"3b83776\" data-element_type=\"widget\" data-widget_type=\"spacer.default\">\n\t\t\t\t\t\t\t<div class=\"elementor-spacer\">\n\t\t\t<div class=\"elementor-spacer-inner\"><\/div>\n\t\t<\/div>\n\t\t\t\t\t\t<\/div>\n\t\t\t\t\t<\/div>\n\t\t\t\t<\/div>\n\t\t<div class=\"elementor-element elementor-element-9d54458 e-flex e-con-boxed e-con e-parent\" data-id=\"9d54458\" data-element_type=\"container\">\n\t\t\t\t\t<div class=\"e-con-inner\">\n\t\t\t\t<div class=\"elementor-element elementor-element-e8f35f2 elementor-position-left elementor-vertical-align-top elementor-widget elementor-widget-image-box\" data-id=\"e8f35f2\" data-element_type=\"widget\" data-widget_type=\"image-box.default\">\n\t\t\t\t\t<div class=\"elementor-image-box-wrapper\"><figure class=\"elementor-image-box-img\"><a href=\"https:\/\/www.hotelsantaeufemia.com\/pt\/Home\" target=\"_blank\" tabindex=\"-1\"><img loading=\"lazy\" decoding=\"async\" width=\"1024\" height=\"768\" src=\"https:\/\/5ci-pcs.ubi.pt\/wp-content\/uploads\/2026\/02\/306991592.jpg\" class=\"attachment-full size-full wp-image-230\" alt=\"\" srcset=\"https:\/\/5ci-pcs.ubi.pt\/wp-content\/uploads\/2026\/02\/306991592.jpg 1024w, https:\/\/5ci-pcs.ubi.pt\/wp-content\/uploads\/2026\/02\/306991592-300x225.jpg 300w, https:\/\/5ci-pcs.ubi.pt\/wp-content\/uploads\/2026\/02\/306991592-768x576.jpg 768w\" sizes=\"(max-width: 1024px) 100vw, 1024px\" \/><\/a><\/figure><div class=\"elementor-image-box-content\"><h2 class=\"elementor-image-box-title\"><a href=\"https:\/\/www.hotelsantaeufemia.com\/pt\/Home\" target=\"_blank\">Hotel Santa Euf\u00e9mia***<\/a><\/h2><p class=\"elementor-image-box-description\">Santa Euf\u00e9mia Hotel Covilh\u00e3<\/p><\/div><\/div>\t\t\t\t<\/div>\n\t\t\t\t\t<\/div>\n\t\t\t\t<\/div>\n\t\t<div class=\"elementor-element elementor-element-f82bf80 e-flex e-con-boxed e-con e-parent\" data-id=\"f82bf80\" data-element_type=\"container\">\n\t\t\t\t\t<div class=\"e-con-inner\">\n\t\t\t\t<div class=\"elementor-element elementor-element-cd09ef0 elementor-widget elementor-widget-spacer\" data-id=\"cd09ef0\" data-element_type=\"widget\" data-widget_type=\"spacer.default\">\n\t\t\t\t\t\t\t<div class=\"elementor-spacer\">\n\t\t\t<div class=\"elementor-spacer-inner\"><\/div>\n\t\t<\/div>\n\t\t\t\t\t\t<\/div>\n\t\t\t\t\t<\/div>\n\t\t\t\t<\/div>\n\t\t<div class=\"elementor-element elementor-element-35f0026 e-flex e-con-boxed e-con e-parent\" data-id=\"35f0026\" data-element_type=\"container\">\n\t\t\t\t\t<div class=\"e-con-inner\">\n\t\t<div class=\"elementor-element elementor-element-84de43a e-con-full e-flex e-con e-child\" data-id=\"84de43a\" data-element_type=\"container\">\n\t\t\t\t<div class=\"elementor-element elementor-element-5c509bf elementor-widget elementor-widget-image\" data-id=\"5c509bf\" data-element_type=\"widget\" data-widget_type=\"image.default\">\n\t\t\t\t\t\t\t\t\t\t\t\t\t\t\t\t<a href=\"https:\/\/5ci-pcs.ubi.pt\/wp-content\/uploads\/2026\/02\/MAPA_Covilha_Icovi-1.jpg\" data-elementor-open-lightbox=\"yes\" data-elementor-lightbox-title=\"MAPA_Covilha_Icovi-1\" data-e-action-hash=\"#elementor-action%3Aaction%3Dlightbox%26settings%3DeyJpZCI6MjM0LCJ1cmwiOiJodHRwczpcL1wvNWNpLXBjcy51YmkucHRcL3dwLWNvbnRlbnRcL3VwbG9hZHNcLzIwMjZcLzAyXC9NQVBBX0NvdmlsaGFfSWNvdmktMS5qcGcifQ%3D%3D\">\n\t\t\t\t\t\t\t<img loading=\"lazy\" decoding=\"async\" width=\"722\" height=\"1024\" src=\"https:\/\/5ci-pcs.ubi.pt\/wp-content\/uploads\/2026\/02\/MAPA_Covilha_Icovi-1-722x1024.jpg\" class=\"attachment-large size-large wp-image-234\" alt=\"\" srcset=\"https:\/\/5ci-pcs.ubi.pt\/wp-content\/uploads\/2026\/02\/MAPA_Covilha_Icovi-1-722x1024.jpg 722w, https:\/\/5ci-pcs.ubi.pt\/wp-content\/uploads\/2026\/02\/MAPA_Covilha_Icovi-1-211x300.jpg 211w, https:\/\/5ci-pcs.ubi.pt\/wp-content\/uploads\/2026\/02\/MAPA_Covilha_Icovi-1-768x1090.jpg 768w, https:\/\/5ci-pcs.ubi.pt\/wp-content\/uploads\/2026\/02\/MAPA_Covilha_Icovi-1-1083x1536.jpg 1083w, https:\/\/5ci-pcs.ubi.pt\/wp-content\/uploads\/2026\/02\/MAPA_Covilha_Icovi-1-1444x2048.jpg 1444w, https:\/\/5ci-pcs.ubi.pt\/wp-content\/uploads\/2026\/02\/MAPA_Covilha_Icovi-1.jpg 1748w\" sizes=\"(max-width: 722px) 100vw, 722px\" \/>\t\t\t\t\t\t\t\t<\/a>\n\t\t\t\t\t\t\t\t\t\t\t\t\t\t\t<\/div>\n\t\t\t\t<\/div>\n\t\t<div class=\"elementor-element elementor-element-1a4ac29 e-con-full e-flex e-con e-child\" data-id=\"1a4ac29\" data-element_type=\"container\">\n\t\t\t\t<div class=\"elementor-element elementor-element-197275e elementor-widget elementor-widget-image\" data-id=\"197275e\" data-element_type=\"widget\" data-widget_type=\"image.default\">\n\t\t\t\t\t\t\t\t\t\t\t\t\t\t\t\t<a href=\"https:\/\/5ci-pcs.ubi.pt\/wp-content\/uploads\/2026\/02\/MAPA_Covilha_Icovi-2.jpg\" data-elementor-open-lightbox=\"yes\" data-elementor-lightbox-title=\"MAPA_Covilha_Icovi-2\" data-e-action-hash=\"#elementor-action%3Aaction%3Dlightbox%26settings%3DeyJpZCI6MjM4LCJ1cmwiOiJodHRwczpcL1wvNWNpLXBjcy51YmkucHRcL3dwLWNvbnRlbnRcL3VwbG9hZHNcLzIwMjZcLzAyXC9NQVBBX0NvdmlsaGFfSWNvdmktMi5qcGcifQ%3D%3D\">\n\t\t\t\t\t\t\t<img loading=\"lazy\" decoding=\"async\" width=\"722\" height=\"1024\" src=\"https:\/\/5ci-pcs.ubi.pt\/wp-content\/uploads\/2026\/02\/MAPA_Covilha_Icovi-2-722x1024.jpg\" class=\"attachment-large size-large wp-image-238\" alt=\"\" srcset=\"https:\/\/5ci-pcs.ubi.pt\/wp-content\/uploads\/2026\/02\/MAPA_Covilha_Icovi-2-722x1024.jpg 722w, https:\/\/5ci-pcs.ubi.pt\/wp-content\/uploads\/2026\/02\/MAPA_Covilha_Icovi-2-211x300.jpg 211w, https:\/\/5ci-pcs.ubi.pt\/wp-content\/uploads\/2026\/02\/MAPA_Covilha_Icovi-2-768x1090.jpg 768w, https:\/\/5ci-pcs.ubi.pt\/wp-content\/uploads\/2026\/02\/MAPA_Covilha_Icovi-2-1083x1536.jpg 1083w, https:\/\/5ci-pcs.ubi.pt\/wp-content\/uploads\/2026\/02\/MAPA_Covilha_Icovi-2-1444x2048.jpg 1444w, https:\/\/5ci-pcs.ubi.pt\/wp-content\/uploads\/2026\/02\/MAPA_Covilha_Icovi-2.jpg 1748w\" sizes=\"(max-width: 722px) 100vw, 722px\" \/>\t\t\t\t\t\t\t\t<\/a>\n\t\t\t\t\t\t\t\t\t\t\t\t\t\t\t<\/div>\n\t\t\t\t<\/div>\n\t\t\t\t\t<\/div>\n\t\t\t\t<\/div>\n\t\t\t\t<\/div>\n\t\t","protected":false},"excerpt":{"rendered":"<p>Hotel Pural\u00e3 &#8211; Wool Valley &amp; SPA**** Hotel Pural\u00e3 Covilh\u00e3 Sport Hotel &#8211; Sport Hotel Gym + SPA*** Sport Hotel Covilh\u00e3 Meli\u00e3 Hotel Covih\u00e3 Dona Maria**** Hotel Covih\u00e3 Dona Maria Hotel Santa Euf\u00e9mia*** Santa Euf\u00e9mia Hotel Covilh\u00e3<\/p>\n","protected":false},"author":1,"featured_media":0,"parent":0,"menu_order":0,"comment_status":"closed","ping_status":"closed","template":"","meta":{"footnotes":""},"class_list":["post-23","page","type-page","status-publish","hentry"],"_links":{"self":[{"href":"https:\/\/5ci-pcs.ubi.pt\/index.php\/wp-json\/wp\/v2\/pages\/23","targetHints":{"allow":["GET"]}}],"collection":[{"href":"https:\/\/5ci-pcs.ubi.pt\/index.php\/wp-json\/wp\/v2\/pages"}],"about":[{"href":"https:\/\/5ci-pcs.ubi.pt\/index.php\/wp-json\/wp\/v2\/types\/page"}],"author":[{"embeddable":true,"href":"https:\/\/5ci-pcs.ubi.pt\/index.php\/wp-json\/wp\/v2\/users\/1"}],"replies":[{"embeddable":true,"href":"https:\/\/5ci-pcs.ubi.pt\/index.php\/wp-json\/wp\/v2\/comments?post=23"}],"version-history":[{"count":50,"href":"https:\/\/5ci-pcs.ubi.pt\/index.php\/wp-json\/wp\/v2\/pages\/23\/revisions"}],"predecessor-version":[{"id":254,"href":"https:\/\/5ci-pcs.ubi.pt\/index.php\/wp-json\/wp\/v2\/pages\/23\/revisions\/254"}],"wp:attachment":[{"href":"https:\/\/5ci-pcs.ubi.pt\/index.php\/wp-json\/wp\/v2\/media?parent=23"}],"curies":[{"name":"wp","href":"https:\/\/api.w.org\/{rel}","templated":true}]}}